{"id":10181,"date":"2023-07-10T13:10:48","date_gmt":"2023-07-10T13:10:48","guid":{"rendered":"https:\/\/ecam.staging-env.fr\/recherche-developpement-ecam\/"},"modified":"2023-08-25T14:41:23","modified_gmt":"2023-08-25T14:41:23","slug":"rd-and-innovation","status":"publish","type":"page","link":"https:\/\/ecam.staging-env.fr\/en\/rd-and-innovation\/","title":{"rendered":"R&#038;D and innovation"},"content":{"rendered":"<!-- Introduction -->\n<section id=\"\" class=\"introduction\">\n\t<img decoding=\"async\" width=\"2560\" height=\"1705\" src=\"https:\/\/ecam.staging-env.fr\/wp-content\/uploads\/2023\/07\/Entreprises-ECAM-scaled.jpg\" class=\"h-full max-h-[292px] w-full lg:max-h-[254px] object-cover object-center\" alt=\"\" srcset=\"https:\/\/ecam.staging-env.fr\/wp-content\/uploads\/2023\/07\/Entreprises-ECAM-scaled.jpg 2560w, https:\/\/ecam.staging-env.fr\/wp-content\/uploads\/2023\/07\/Entreprises-ECAM-300x200.jpg 300w, https:\/\/ecam.staging-env.fr\/wp-content\/uploads\/2023\/07\/Entreprises-ECAM-1024x682.jpg 1024w, https:\/\/ecam.staging-env.fr\/wp-content\/uploads\/2023\/07\/Entreprises-ECAM-768x512.jpg 768w, https:\/\/ecam.staging-env.fr\/wp-content\/uploads\/2023\/07\/Entreprises-ECAM-1536x1023.jpg 1536w, https:\/\/ecam.staging-env.fr\/wp-content\/uploads\/2023\/07\/Entreprises-ECAM-2048x1364.jpg 2048w\" sizes=\"(max-width: 2560px) 100vw, 2560px\" \/>\t<div class=\"grid grid-cols-14\">\n\t\t<div class=\"col-span-12 col-start-2 lg:col-start-2 lg:col-span-12\">\n\t\t\t<p id=\"breadcrumbs\"><span><span><a href=\"https:\/\/ecam.staging-env.fr\/en\/\">Home<\/a><\/span><\/span><\/p>\t\t<\/div>\n\t\t<div class=\"col-span-12 col-start-2 lg:col-start-4 lg:col-span-8\">\n\t\t\t\t\t\t\t<h1 class=\"text-center pt-[40px] lg:pt-[31px] heading-1 text-bleu-fonce\">\n\t\t\t\t\tR&amp;D and Innovation\t\t\t\t<\/h1>\n\t\t\t\t\t\t\t\t\t\t\t<\/div>\n\t<\/div>\n<\/section>\n\n<!-- Timeline -->\n\t<section id=\"\" data-timeline class=\"py-8 lg:py-16\">\n\t\t<div class=\"grid gap-5 grid-cols-14\">\n\t\t\t<div class=\"col-span-12 col-start-2 lg:col-start-2 lg:col-span-11\">\n\t\t\t\t<div class=\"splide\" data-splide='{\"perPage\":3,\"perMove\":1,\"gap\":20,\"padding\":{\"left\":100},\"drag\":true,\"arrows\":false,\"pagination\":false,\"breakpoints\":{\"1280\":{\"perPage\":1,\"trimSpace\":false,\"arrows\":true}}}'>\n\t\t\t\t\t<div class=\"splide__track\">\n\t\t\t\t\t\t<div class=\"splide__list\">\n\t\t\t\t\t\t\t\t\t\t\t\t\t\t\t<div class=\"splide__slide\">\n\t\t\t\t\t\t\t\t\t<div class=\"transform -translate-y-[47px] mb-[-47px]\">\n\t\t\t\t\t\t\t\t\t\t<div class=\"mx-auto text-center relative w-[27px] h-[33px] mb-[8px]\">\n\t\t\t\t\t\t\t\t\t\t\t<svg class=\"absolute top-0 left-0 object-contain w-full h-full\" width=\"27\" height=\"33\" viewBox=\"0 0 27 33\" fill=\"none\" xmlns=\"http:\/\/www.w3.org\/2000\/svg\">\n\t\t\t\t\t\t\t\t\t\t\t\t<g id=\"Vector\">\n\t\t\t\t\t\t\t\t\t\t\t\t\t<path d=\"M27 13.5C27 20.9558 20.9558 27 13.5 27C6.04416 27 0 20.9558 0 13.5C0 6.04416 6.04416 0 13.5 0C20.9558 0 27 6.04416 27 13.5Z\" fill=\"#7769A8\" \/>\n\t\t\t\t\t\t\t\t\t\t\t\t\t<path d=\"M13.5 33L7.87084 23.25L19.1292 23.25L13.5 33Z\" fill=\"#7769A8\" \/>\n\t\t\t\t\t\t\t\t\t\t\t\t<\/g>\n\t\t\t\t\t\t\t\t\t\t\t<\/svg>\n\t\t\t\t\t\t\t\t\t\t\t<span class=\"text-white relative z-10 text-[12px] font-bold font-primary\">01<\/span>\n\t\t\t\t\t\t\t\t\t\t<\/div>\n\t\t\t\t\t\t\t\t\t\t<div class=\"w-[84px] bg-violet h-[6px] mb-[21px] block mx-auto\"><\/div>\n\t\t\t\t\t\t\t\t\t\t<div class=\"border border-[#E9E9E9] px-[38px] pt-[29px] pb-[39px]\">\n\t\t\t\t\t\t\t\t\t\t\t\t\t\t\t\t\t\t\t\t\t\t\t<div class=\"paragraph\">\n\t\t\t\t\t\t\t\t\t\t\t\t\t<h4><span class=\"heading-5\">CONSULTING<\/span><\/h4>\n<p><span data-contrast=\"auto\">ECAM LaSalle\u2019s professors regularly bring their expertise and solutions to solve companies\u2019 unique industrial problems. Consulting is based on an established objective and workload and billed accordingly.<\/span><span data-ccp-props=\"{&quot;201341983&quot;:0,&quot;335559739&quot;:160,&quot;335559740&quot;:259}\">\u00a0<\/span><\/p>\n\t\t\t\t\t\t\t\t\t\t\t\t<\/div>\n\t\t\t\t\t\t\t\t\t\t\t\t\t\t\t\t\t\t\t\t\t<\/div>\n\t\t\t\t\t\t\t\t\t<\/div>\n\t\t\t\t\t\t\t\t<\/div>\n\t\t\t\t\t\t\t\t\t\t\t\t\t\t\t<div class=\"splide__slide\">\n\t\t\t\t\t\t\t\t\t<div class=\"transform -translate-y-[47px] mb-[-47px]\">\n\t\t\t\t\t\t\t\t\t\t<div class=\"mx-auto text-center relative w-[27px] h-[33px] mb-[8px]\">\n\t\t\t\t\t\t\t\t\t\t\t<svg class=\"absolute top-0 left-0 object-contain w-full h-full\" width=\"27\" height=\"33\" viewBox=\"0 0 27 33\" fill=\"none\" xmlns=\"http:\/\/www.w3.org\/2000\/svg\">\n\t\t\t\t\t\t\t\t\t\t\t\t<g id=\"Vector\">\n\t\t\t\t\t\t\t\t\t\t\t\t\t<path d=\"M27 13.5C27 20.9558 20.9558 27 13.5 27C6.04416 27 0 20.9558 0 13.5C0 6.04416 6.04416 0 13.5 0C20.9558 0 27 6.04416 27 13.5Z\" fill=\"#7769A8\" \/>\n\t\t\t\t\t\t\t\t\t\t\t\t\t<path d=\"M13.5 33L7.87084 23.25L19.1292 23.25L13.5 33Z\" fill=\"#7769A8\" \/>\n\t\t\t\t\t\t\t\t\t\t\t\t<\/g>\n\t\t\t\t\t\t\t\t\t\t\t<\/svg>\n\t\t\t\t\t\t\t\t\t\t\t<span class=\"text-white relative z-10 text-[12px] font-bold font-primary\">02<\/span>\n\t\t\t\t\t\t\t\t\t\t<\/div>\n\t\t\t\t\t\t\t\t\t\t<div class=\"w-[84px] bg-violet h-[6px] mb-[21px] block mx-auto\"><\/div>\n\t\t\t\t\t\t\t\t\t\t<div class=\"border border-[#E9E9E9] px-[38px] pt-[29px] pb-[39px]\">\n\t\t\t\t\t\t\t\t\t\t\t\t\t\t\t\t\t\t\t\t\t\t\t<div class=\"paragraph\">\n\t\t\t\t\t\t\t\t\t\t\t\t\t<h5><span class=\"heading-4 heading-5\">RESEARCH CONTRACTS AND DOCTORAL DISSERTATIONS\u00a0<\/span><\/h5>\n<p><span data-contrast=\"auto\">ECAM LaSalle, through its LabECAM, is able to conduct research on two main themes:<\/span><span data-ccp-props=\"{&quot;201341983&quot;:0,&quot;335559739&quot;:160,&quot;335559740&quot;:259}\">\u00a0<\/span><\/p>\n<ul>\n<li data-leveltext=\"\uf0b7\" data-font=\"Symbol\" data-listid=\"1\" data-list-defn-props=\"{&quot;335552541&quot;:1,&quot;335559684&quot;:-2,&quot;335559685&quot;:720,&quot;335559991&quot;:360,&quot;469769226&quot;:&quot;Symbol&quot;,&quot;469769242&quot;:[8226],&quot;469777803&quot;:&quot;left&quot;,&quot;469777804&quot;:&quot;\uf0b7&quot;,&quot;469777815&quot;:&quot;hybridMultilevel&quot;}\" aria-setsize=\"-1\" data-aria-posinset=\"1\" data-aria-level=\"1\"><span data-contrast=\"auto\">Energy efficiency:\u202fresearch through simulations of power loss and heat transfer in mechanical transmissions or on advanced control of thermal machines<\/span><span data-ccp-props=\"{&quot;201341983&quot;:0,&quot;335559739&quot;:160,&quot;335559740&quot;:259}\">\u00a0<\/span><\/li>\n<li data-leveltext=\"\uf0b7\" data-font=\"Symbol\" data-listid=\"1\" data-list-defn-props=\"{&quot;335552541&quot;:1,&quot;335559684&quot;:-2,&quot;335559685&quot;:720,&quot;335559991&quot;:360,&quot;469769226&quot;:&quot;Symbol&quot;,&quot;469769242&quot;:[8226],&quot;469777803&quot;:&quot;left&quot;,&quot;469777804&quot;:&quot;\uf0b7&quot;,&quot;469777815&quot;:&quot;hybridMultilevel&quot;}\" aria-setsize=\"-1\" data-aria-posinset=\"2\" data-aria-level=\"1\"><span data-contrast=\"auto\">Microstructural material modification:\u202fresearch on charged polymers and thermochemical treatments<\/span><span data-ccp-props=\"{&quot;201341983&quot;:0,&quot;335559739&quot;:160,&quot;335559740&quot;:259}\">\u00a0<\/span><\/li>\n<\/ul>\n<p><span data-contrast=\"auto\">To facilitate industry\u2019s access to LabECAM\u2019s scientific and technological expertise, our researchers are available to analyze research objectives and give adapted proposals.<\/span><span data-ccp-props=\"{&quot;201341983&quot;:0,&quot;335559739&quot;:160,&quot;335559740&quot;:259}\">\u00a0<\/span><\/p>\n<p><span data-contrast=\"auto\">Research carried out with industry can lead to doctoral dissertations. Through their research for their doctorate, doctoral students can carry out work for LabECAM\u2019s partner organizations or companies. Doctoral students work on a research project for approximately three years through a CIFRE agreement. This agreement allows companies to receive subsidies for recruiting doctoral students whose research projects, carried out with LabECAM, lead to a dissertation.<\/span><span data-ccp-props=\"{&quot;201341983&quot;:0,&quot;335559739&quot;:160,&quot;335559740&quot;:259}\">\u00a0<\/span><\/p>\n\t\t\t\t\t\t\t\t\t\t\t\t<\/div>\n\t\t\t\t\t\t\t\t\t\t\t\t\t\t\t\t\t\t\t\t\t<\/div>\n\t\t\t\t\t\t\t\t\t<\/div>\n\t\t\t\t\t\t\t\t<\/div>\n\t\t\t\t\t\t\t\t\t\t\t\t\t\t\t<div class=\"splide__slide\">\n\t\t\t\t\t\t\t\t\t<div class=\"transform -translate-y-[47px] mb-[-47px]\">\n\t\t\t\t\t\t\t\t\t\t<div class=\"mx-auto text-center relative w-[27px] h-[33px] mb-[8px]\">\n\t\t\t\t\t\t\t\t\t\t\t<svg class=\"absolute top-0 left-0 object-contain w-full h-full\" width=\"27\" height=\"33\" viewBox=\"0 0 27 33\" fill=\"none\" xmlns=\"http:\/\/www.w3.org\/2000\/svg\">\n\t\t\t\t\t\t\t\t\t\t\t\t<g id=\"Vector\">\n\t\t\t\t\t\t\t\t\t\t\t\t\t<path d=\"M27 13.5C27 20.9558 20.9558 27 13.5 27C6.04416 27 0 20.9558 0 13.5C0 6.04416 6.04416 0 13.5 0C20.9558 0 27 6.04416 27 13.5Z\" fill=\"#7769A8\" \/>\n\t\t\t\t\t\t\t\t\t\t\t\t\t<path d=\"M13.5 33L7.87084 23.25L19.1292 23.25L13.5 33Z\" fill=\"#7769A8\" \/>\n\t\t\t\t\t\t\t\t\t\t\t\t<\/g>\n\t\t\t\t\t\t\t\t\t\t\t<\/svg>\n\t\t\t\t\t\t\t\t\t\t\t<span class=\"text-white relative z-10 text-[12px] font-bold font-primary\">03<\/span>\n\t\t\t\t\t\t\t\t\t\t<\/div>\n\t\t\t\t\t\t\t\t\t\t<div class=\"w-[84px] bg-violet h-[6px] mb-[21px] block mx-auto\"><\/div>\n\t\t\t\t\t\t\t\t\t\t<div class=\"border border-[#E9E9E9] px-[38px] pt-[29px] pb-[39px]\">\n\t\t\t\t\t\t\t\t\t\t\t\t\t\t\t\t\t\t\t\t\t\t\t<div class=\"paragraph\">\n\t\t\t\t\t\t\t\t\t\t\t\t\t<h4><span class=\"heading-4 heading-5\">RESEARCH AND DEVELOPMENT PROJECTS\u00a0<\/span><\/h4>\n<p><span data-contrast=\"auto\">All ECAM LaSalle general engineering students at the end of their studies must carry out a R&amp;D project. They work in pairs for a semester on a real-life business problem using ECAM LaSalle\u2019s laboratories. Students work directly with industry representatives to clearly define the workload and objectives that ECAM LaSalle will then use as the foundation for a bill. All intellectual property resulting from this project belongs wholly to the company and can be kept confidential at the company\u2019s request. Companies can follow the project\u2019s progress through regular meetings up until the official presentation of the findings to a jury. Students spend at least 250 hours on their R&amp;D project.<\/span><span data-ccp-props=\"{&quot;201341983&quot;:0,&quot;335559739&quot;:160,&quot;335559740&quot;:259}\">\u00a0<\/span><\/p>\n<h2><span class=\"heading-4\">\u00a0<\/span><\/h2>\n\t\t\t\t\t\t\t\t\t\t\t\t<\/div>\n\t\t\t\t\t\t\t\t\t\t\t\t\t\t\t\t\t\t\t\t\t<\/div>\n\t\t\t\t\t\t\t\t\t<\/div>\n\t\t\t\t\t\t\t\t<\/div>\n\t\t\t\t\t\t\t\t\t\t\t\t\t<\/div>\n\t\t\t\t\t<\/div>\n\t\t\t\t<\/div>\n\t\t\t<\/div>\n\t\t<\/div>\n\t<\/section>\n\n\n<!-- Rich text -->\n<section id=\"\" class=\"pb-10 rich-text\">\n    <div class=\"grid grid-cols-14\">\n        <div data-wysiwyg class=\"relative pt-[13px] col-span-12 col-start-2 lg:col-start-4 lg:col-span-8\">\n            <div class=\"absolute top-0 left-0 w-[358px] bg-[#E9E9E9] h-[1px]\"><\/div>\n            <div class=\"absolute top-[-2px] left-0 w-[25px] bg-orange h-[3px]\"><\/div>\n            <div>\n                <p style=\"text-align: center;\"><a href=\"https:\/\/ecam.staging-env.fr\/en\/contact-us\/\" target=\"_blank\" rel=\"noopener\"><span class=\"button-violet small\">Contact us<\/span><\/a><\/p>\n            <\/div>\n        <\/div>\n    <\/div>\n<\/section>\n\n<!-- Cross content -->\n<section id=\"\" data-cross-content class=\"pt-[120px]\">\n    <div class=\"grid gap-5 grid-cols-14\">\n        <div class=\"col-span-12 col-start-2\">\n                            <div class=\"relative w-[331px] mb-[13px] border-b border-[#E9E9E9]\">\n                    <div class=\"h-[3px] bg-orange w-[26px]\"><\/div>\n                <\/div>\n                <div class=\"font-primary text-[20px] lg:text-[24px] tracking-[1.92px] pb-[35px] uppercase text-bleu-fonce\">\n                    Learn more                <\/div>\n                                        <div class=\"pb-[73px] gap-[18px] flex flex-wrap lg:flex-nowrap\">\n                                            <div class=\"w-full lg:w-1\/3\">\n                            <div class=\"rounded-[10px] relative overflow-hidden\">\n                                                                    <a class=\"absolute top-0 left-0 z-30 w-full h-full\" href=\"https:\/\/ecam.staging-env.fr\/en\/business\/become-a-partner\/meet-our-student\/\" target=\"_self\"><\/a>\n                                                                <img decoding=\"async\" width=\"2560\" height=\"1707\" src=\"https:\/\/ecam.staging-env.fr\/wp-content\/uploads\/2023\/06\/2X6A0367-scaled.jpg\" class=\"relative group-odd:h-[295px] group-even:h-[360px] absolute top-0 left-0 w-full h-full object-cover object-center z-0\" alt=\"\" srcset=\"https:\/\/ecam.staging-env.fr\/wp-content\/uploads\/2023\/06\/2X6A0367-scaled.jpg 2560w, https:\/\/ecam.staging-env.fr\/wp-content\/uploads\/2023\/06\/2X6A0367-300x200.jpg 300w, https:\/\/ecam.staging-env.fr\/wp-content\/uploads\/2023\/06\/2X6A0367-1024x683.jpg 1024w, https:\/\/ecam.staging-env.fr\/wp-content\/uploads\/2023\/06\/2X6A0367-768x512.jpg 768w, https:\/\/ecam.staging-env.fr\/wp-content\/uploads\/2023\/06\/2X6A0367-1536x1024.jpg 1536w, https:\/\/ecam.staging-env.fr\/wp-content\/uploads\/2023\/06\/2X6A0367-2048x1366.jpg 2048w\" sizes=\"(max-width: 2560px) 100vw, 2560px\" \/>                                <div class=\"absolute top-0 left-0 z-10 w-full h-full bg-black bg-opacity-70\"><\/div>\n                                                                    <div class=\"absolute z-20 transform -translate-x-1\/2 -translate-y-1\/2 top-1\/2 left-1\/2\">\n                                        <div class=\"text-center text-white heading-4\">\n                                            Meet our students                                        <\/div>\n                                        <div class=\"w-[26px] mx-auto h-[4px] bg-orange mt-[51px]\"><\/div>\n                                    <\/div>\n                                                            <\/div>\n                        <\/div>\n                                            <div class=\"w-full lg:w-1\/3\">\n                            <div class=\"rounded-[10px] relative overflow-hidden\">\n                                                                    <a class=\"absolute top-0 left-0 z-30 w-full h-full\" href=\"https:\/\/ecam.staging-env.fr\/en\/business\/entrepreneurship-at-ecam-lasalle\/tech360-ecam-incubator\/\" target=\"_self\"><\/a>\n                                                                <img decoding=\"async\" width=\"2560\" height=\"1707\" src=\"https:\/\/ecam.staging-env.fr\/wp-content\/uploads\/2023\/07\/Incubateur-Tech360-scaled.jpg\" class=\"relative group-odd:h-[295px] group-even:h-[360px] absolute top-0 left-0 w-full h-full object-cover object-center z-0\" alt=\"\" srcset=\"https:\/\/ecam.staging-env.fr\/wp-content\/uploads\/2023\/07\/Incubateur-Tech360-scaled.jpg 2560w, https:\/\/ecam.staging-env.fr\/wp-content\/uploads\/2023\/07\/Incubateur-Tech360-300x200.jpg 300w, https:\/\/ecam.staging-env.fr\/wp-content\/uploads\/2023\/07\/Incubateur-Tech360-1024x683.jpg 1024w, https:\/\/ecam.staging-env.fr\/wp-content\/uploads\/2023\/07\/Incubateur-Tech360-768x512.jpg 768w, https:\/\/ecam.staging-env.fr\/wp-content\/uploads\/2023\/07\/Incubateur-Tech360-1536x1024.jpg 1536w, https:\/\/ecam.staging-env.fr\/wp-content\/uploads\/2023\/07\/Incubateur-Tech360-2048x1365.jpg 2048w\" sizes=\"(max-width: 2560px) 100vw, 2560px\" \/>                                <div class=\"absolute top-0 left-0 z-10 w-full h-full bg-black bg-opacity-70\"><\/div>\n                                                                    <div class=\"absolute z-20 transform -translate-x-1\/2 -translate-y-1\/2 top-1\/2 left-1\/2\">\n                                        <div class=\"text-center text-white heading-4\">\n                                            ECAM Incubator TECH360                                        <\/div>\n                                        <div class=\"w-[26px] mx-auto h-[4px] bg-orange mt-[51px]\"><\/div>\n                                    <\/div>\n                                                            <\/div>\n                        <\/div>\n                                            <div class=\"w-full lg:w-1\/3\">\n                            <div class=\"rounded-[10px] relative overflow-hidden\">\n                                                                    <a class=\"absolute top-0 left-0 z-30 w-full h-full\" href=\"https:\/\/ecam.staging-env.fr\/en\/ecam-lasalle\/our-school\/missions-values\/\" target=\"_self\"><\/a>\n                                                                <img decoding=\"async\" width=\"2560\" height=\"1707\" src=\"https:\/\/ecam.staging-env.fr\/wp-content\/uploads\/2023\/07\/Valeurs-fortes-ECAM-1-scaled.jpg\" class=\"relative group-odd:h-[295px] group-even:h-[360px] absolute top-0 left-0 w-full h-full object-cover object-center z-0\" alt=\"\" srcset=\"https:\/\/ecam.staging-env.fr\/wp-content\/uploads\/2023\/07\/Valeurs-fortes-ECAM-1-scaled.jpg 2560w, https:\/\/ecam.staging-env.fr\/wp-content\/uploads\/2023\/07\/Valeurs-fortes-ECAM-1-300x200.jpg 300w, https:\/\/ecam.staging-env.fr\/wp-content\/uploads\/2023\/07\/Valeurs-fortes-ECAM-1-1024x683.jpg 1024w, https:\/\/ecam.staging-env.fr\/wp-content\/uploads\/2023\/07\/Valeurs-fortes-ECAM-1-768x512.jpg 768w, https:\/\/ecam.staging-env.fr\/wp-content\/uploads\/2023\/07\/Valeurs-fortes-ECAM-1-1536x1024.jpg 1536w, https:\/\/ecam.staging-env.fr\/wp-content\/uploads\/2023\/07\/Valeurs-fortes-ECAM-1-2048x1366.jpg 2048w\" sizes=\"(max-width: 2560px) 100vw, 2560px\" \/>                                <div class=\"absolute top-0 left-0 z-10 w-full h-full bg-black bg-opacity-70\"><\/div>\n                                                                    <div class=\"absolute z-20 transform -translate-x-1\/2 -translate-y-1\/2 top-1\/2 left-1\/2\">\n                                        <div class=\"text-center text-white heading-4\">\n                                            Mission and values                                        <\/div>\n                                        <div class=\"w-[26px] mx-auto h-[4px] bg-orange mt-[51px]\"><\/div>\n                                    <\/div>\n                                                            <\/div>\n                        <\/div>\n                                    <\/div>\n                    <\/div>\n    <\/div>\n<\/section>","protected":false},"excerpt":{"rendered":"","protected":false},"author":4,"featured_media":0,"parent":0,"menu_order":0,"comment_status":"closed","ping_status":"closed","template":"","meta":{"_acf_changed":false,"footnotes":""},"class_list":["post-10181","page","type-page","status-publish","hentry"],"acf":[],"yoast_head":"<!-- This site is optimized with the Yoast SEO plugin v27.3 - https:\/\/yoast.com\/product\/yoast-seo-wordpress\/ -->\n<title>Recherche et d\u00e9veloppement \u00e0 ECAM LaSalle<\/title>\n<meta name=\"description\" content=\"ECAM LaSalle apporte r\u00e9guli\u00e8rement son expertise sur des projets d\u2019innovation et en recherche et d\u00e9veloppement aux entreprises.\" \/>\n<meta name=\"robots\" content=\"index, follow, max-snippet:-1, max-image-preview:large, max-video-preview:-1\" \/>\n<link rel=\"canonical\" href=\"https:\/\/ecam.staging-env.fr\/en\/rd-and-innovation\/\" \/>\n<meta property=\"og:locale\" content=\"en_US\" \/>\n<meta property=\"og:type\" content=\"article\" \/>\n<meta property=\"og:title\" content=\"Recherche et d\u00e9veloppement \u00e0 ECAM LaSalle\" \/>\n<meta property=\"og:description\" content=\"ECAM LaSalle apporte r\u00e9guli\u00e8rement son expertise sur des projets d\u2019innovation et en recherche et d\u00e9veloppement aux entreprises.\" \/>\n<meta property=\"og:url\" content=\"https:\/\/ecam.staging-env.fr\/en\/rd-and-innovation\/\" \/>\n<meta property=\"og:site_name\" content=\"Ecam\" \/>\n<meta property=\"article:modified_time\" content=\"2023-08-25T14:41:23+00:00\" \/>\n<meta name=\"twitter:card\" content=\"summary_large_image\" \/>\n<script type=\"application\/ld+json\" class=\"yoast-schema-graph\">{\"@context\":\"https:\\\/\\\/schema.org\",\"@graph\":[{\"@type\":\"WebPage\",\"@id\":\"https:\\\/\\\/ecam.staging-env.fr\\\/en\\\/rd-and-innovation\\\/\",\"url\":\"https:\\\/\\\/ecam.staging-env.fr\\\/en\\\/rd-and-innovation\\\/\",\"name\":\"Recherche et d\u00e9veloppement \u00e0 ECAM LaSalle\",\"isPartOf\":{\"@id\":\"https:\\\/\\\/ecam.staging-env.fr\\\/en\\\/#website\"},\"datePublished\":\"2023-07-10T13:10:48+00:00\",\"dateModified\":\"2023-08-25T14:41:23+00:00\",\"description\":\"ECAM LaSalle apporte r\u00e9guli\u00e8rement son expertise sur des projets d\u2019innovation et en recherche et d\u00e9veloppement aux entreprises.\",\"breadcrumb\":{\"@id\":\"https:\\\/\\\/ecam.staging-env.fr\\\/en\\\/rd-and-innovation\\\/#breadcrumb\"},\"inLanguage\":\"en-US\",\"potentialAction\":[{\"@type\":\"ReadAction\",\"target\":[\"https:\\\/\\\/ecam.staging-env.fr\\\/en\\\/rd-and-innovation\\\/\"]}]},{\"@type\":\"BreadcrumbList\",\"@id\":\"https:\\\/\\\/ecam.staging-env.fr\\\/en\\\/rd-and-innovation\\\/#breadcrumb\",\"itemListElement\":[{\"@type\":\"ListItem\",\"position\":1,\"name\":\"Home\",\"item\":\"https:\\\/\\\/ecam.staging-env.fr\\\/en\\\/\"},{\"@type\":\"ListItem\",\"position\":2,\"name\":\"Business\",\"item\":\"https:\\\/\\\/ecam.staging-env.fr\\\/en\\\/business\\\/\"},{\"@type\":\"ListItem\",\"position\":3,\"name\":\"Our expertise\",\"item\":\"https:\\\/\\\/ecam.staging-env.fr\\\/en\\\/business\\\/our-expertise\\\/\"},{\"@type\":\"ListItem\",\"position\":4,\"name\":\"R&#038;D and innovation\"}]},{\"@type\":\"WebSite\",\"@id\":\"https:\\\/\\\/ecam.staging-env.fr\\\/en\\\/#website\",\"url\":\"https:\\\/\\\/ecam.staging-env.fr\\\/en\\\/\",\"name\":\"Ecam\",\"description\":\"\",\"publisher\":{\"@id\":\"https:\\\/\\\/ecam.staging-env.fr\\\/en\\\/#organization\"},\"potentialAction\":[{\"@type\":\"SearchAction\",\"target\":{\"@type\":\"EntryPoint\",\"urlTemplate\":\"https:\\\/\\\/ecam.staging-env.fr\\\/en\\\/?s={search_term_string}\"},\"query-input\":{\"@type\":\"PropertyValueSpecification\",\"valueRequired\":true,\"valueName\":\"search_term_string\"}}],\"inLanguage\":\"en-US\"},{\"@type\":\"Organization\",\"@id\":\"https:\\\/\\\/ecam.staging-env.fr\\\/en\\\/#organization\",\"name\":\"Ecam\",\"url\":\"https:\\\/\\\/ecam.staging-env.fr\\\/en\\\/\",\"logo\":{\"@type\":\"ImageObject\",\"inLanguage\":\"en-US\",\"@id\":\"https:\\\/\\\/ecam.staging-env.fr\\\/en\\\/#\\\/schema\\\/logo\\\/image\\\/\",\"url\":\"https:\\\/\\\/ecam.staging-env.fr\\\/wp-content\\\/uploads\\\/2023\\\/06\\\/cropped-cropped-logo-desktop.png\",\"contentUrl\":\"https:\\\/\\\/ecam.staging-env.fr\\\/wp-content\\\/uploads\\\/2023\\\/06\\\/cropped-cropped-logo-desktop.png\",\"width\":164,\"height\":164,\"caption\":\"Ecam\"},\"image\":{\"@id\":\"https:\\\/\\\/ecam.staging-env.fr\\\/en\\\/#\\\/schema\\\/logo\\\/image\\\/\"}}]}<\/script>\n<!-- \/ Yoast SEO plugin. -->","yoast_head_json":{"title":"Recherche et d\u00e9veloppement \u00e0 ECAM LaSalle","description":"ECAM LaSalle apporte r\u00e9guli\u00e8rement son expertise sur des projets d\u2019innovation et en recherche et d\u00e9veloppement aux entreprises.","robots":{"index":"index","follow":"follow","max-snippet":"max-snippet:-1","max-image-preview":"max-image-preview:large","max-video-preview":"max-video-preview:-1"},"canonical":"https:\/\/ecam.staging-env.fr\/en\/rd-and-innovation\/","og_locale":"en_US","og_type":"article","og_title":"Recherche et d\u00e9veloppement \u00e0 ECAM LaSalle","og_description":"ECAM LaSalle apporte r\u00e9guli\u00e8rement son expertise sur des projets d\u2019innovation et en recherche et d\u00e9veloppement aux entreprises.","og_url":"https:\/\/ecam.staging-env.fr\/en\/rd-and-innovation\/","og_site_name":"Ecam","article_modified_time":"2023-08-25T14:41:23+00:00","twitter_card":"summary_large_image","schema":{"@context":"https:\/\/schema.org","@graph":[{"@type":"WebPage","@id":"https:\/\/ecam.staging-env.fr\/en\/rd-and-innovation\/","url":"https:\/\/ecam.staging-env.fr\/en\/rd-and-innovation\/","name":"Recherche et d\u00e9veloppement \u00e0 ECAM LaSalle","isPartOf":{"@id":"https:\/\/ecam.staging-env.fr\/en\/#website"},"datePublished":"2023-07-10T13:10:48+00:00","dateModified":"2023-08-25T14:41:23+00:00","description":"ECAM LaSalle apporte r\u00e9guli\u00e8rement son expertise sur des projets d\u2019innovation et en recherche et d\u00e9veloppement aux entreprises.","breadcrumb":{"@id":"https:\/\/ecam.staging-env.fr\/en\/rd-and-innovation\/#breadcrumb"},"inLanguage":"en-US","potentialAction":[{"@type":"ReadAction","target":["https:\/\/ecam.staging-env.fr\/en\/rd-and-innovation\/"]}]},{"@type":"BreadcrumbList","@id":"https:\/\/ecam.staging-env.fr\/en\/rd-and-innovation\/#breadcrumb","itemListElement":[{"@type":"ListItem","position":1,"name":"Home","item":"https:\/\/ecam.staging-env.fr\/en\/"},{"@type":"ListItem","position":2,"name":"Business","item":"https:\/\/ecam.staging-env.fr\/en\/business\/"},{"@type":"ListItem","position":3,"name":"Our expertise","item":"https:\/\/ecam.staging-env.fr\/en\/business\/our-expertise\/"},{"@type":"ListItem","position":4,"name":"R&#038;D and innovation"}]},{"@type":"WebSite","@id":"https:\/\/ecam.staging-env.fr\/en\/#website","url":"https:\/\/ecam.staging-env.fr\/en\/","name":"Ecam","description":"","publisher":{"@id":"https:\/\/ecam.staging-env.fr\/en\/#organization"},"potentialAction":[{"@type":"SearchAction","target":{"@type":"EntryPoint","urlTemplate":"https:\/\/ecam.staging-env.fr\/en\/?s={search_term_string}"},"query-input":{"@type":"PropertyValueSpecification","valueRequired":true,"valueName":"search_term_string"}}],"inLanguage":"en-US"},{"@type":"Organization","@id":"https:\/\/ecam.staging-env.fr\/en\/#organization","name":"Ecam","url":"https:\/\/ecam.staging-env.fr\/en\/","logo":{"@type":"ImageObject","inLanguage":"en-US","@id":"https:\/\/ecam.staging-env.fr\/en\/#\/schema\/logo\/image\/","url":"https:\/\/ecam.staging-env.fr\/wp-content\/uploads\/2023\/06\/cropped-cropped-logo-desktop.png","contentUrl":"https:\/\/ecam.staging-env.fr\/wp-content\/uploads\/2023\/06\/cropped-cropped-logo-desktop.png","width":164,"height":164,"caption":"Ecam"},"image":{"@id":"https:\/\/ecam.staging-env.fr\/en\/#\/schema\/logo\/image\/"}}]}},"_links":{"self":[{"href":"https:\/\/ecam.staging-env.fr\/en\/wp-json\/wp\/v2\/pages\/10181","targetHints":{"allow":["GET"]}}],"collection":[{"href":"https:\/\/ecam.staging-env.fr\/en\/wp-json\/wp\/v2\/pages"}],"about":[{"href":"https:\/\/ecam.staging-env.fr\/en\/wp-json\/wp\/v2\/types\/page"}],"author":[{"embeddable":true,"href":"https:\/\/ecam.staging-env.fr\/en\/wp-json\/wp\/v2\/users\/4"}],"replies":[{"embeddable":true,"href":"https:\/\/ecam.staging-env.fr\/en\/wp-json\/wp\/v2\/comments?post=10181"}],"version-history":[{"count":2,"href":"https:\/\/ecam.staging-env.fr\/en\/wp-json\/wp\/v2\/pages\/10181\/revisions"}],"predecessor-version":[{"id":12889,"href":"https:\/\/ecam.staging-env.fr\/en\/wp-json\/wp\/v2\/pages\/10181\/revisions\/12889"}],"wp:attachment":[{"href":"https:\/\/ecam.staging-env.fr\/en\/wp-json\/wp\/v2\/media?parent=10181"}],"curies":[{"name":"wp","href":"https:\/\/api.w.org\/{rel}","templated":true}]}}