{"id":12144,"date":"2023-07-10T14:10:10","date_gmt":"2023-07-10T14:10:10","guid":{"rendered":"https:\/\/ecam.staging-env.fr\/recrutement-ingenieur\/"},"modified":"2023-09-01T12:20:38","modified_gmt":"2023-09-01T12:20:38","slug":"career-opportunities","status":"publish","type":"page","link":"https:\/\/ecam.staging-env.fr\/en\/career-opportunities\/","title":{"rendered":"Career opportunities"},"content":{"rendered":"<!-- Introduction -->\n<section id=\"\" class=\"introduction\">\n\t<img decoding=\"async\" width=\"2560\" height=\"1705\" src=\"https:\/\/ecam.staging-env.fr\/wp-content\/uploads\/2023\/07\/Entreprises-ECAM-scaled.jpg\" class=\"h-full max-h-[292px] w-full lg:max-h-[254px] object-cover object-center\" alt=\"\" srcset=\"https:\/\/ecam.staging-env.fr\/wp-content\/uploads\/2023\/07\/Entreprises-ECAM-scaled.jpg 2560w, https:\/\/ecam.staging-env.fr\/wp-content\/uploads\/2023\/07\/Entreprises-ECAM-300x200.jpg 300w, https:\/\/ecam.staging-env.fr\/wp-content\/uploads\/2023\/07\/Entreprises-ECAM-1024x682.jpg 1024w, https:\/\/ecam.staging-env.fr\/wp-content\/uploads\/2023\/07\/Entreprises-ECAM-768x512.jpg 768w, https:\/\/ecam.staging-env.fr\/wp-content\/uploads\/2023\/07\/Entreprises-ECAM-1536x1023.jpg 1536w, https:\/\/ecam.staging-env.fr\/wp-content\/uploads\/2023\/07\/Entreprises-ECAM-2048x1364.jpg 2048w\" sizes=\"(max-width: 2560px) 100vw, 2560px\" \/>\t<div class=\"grid grid-cols-14\">\n\t\t<div class=\"col-span-12 col-start-2 lg:col-start-2 lg:col-span-12\">\n\t\t\t<p id=\"breadcrumbs\"><span><span><a href=\"https:\/\/ecam.staging-env.fr\/en\/\">Home<\/a><\/span><\/span><\/p>\t\t<\/div>\n\t\t<div class=\"col-span-12 col-start-2 lg:col-start-4 lg:col-span-8\">\n\t\t\t\t\t\t\t<h1 class=\"text-center pt-[40px] lg:pt-[31px] heading-1 text-bleu-fonce\">\n\t\t\t\t\tCareer opportunities \t\t\t\t<\/h1>\n\t\t\t\t\t\t\t\t\t\t\t<\/div>\n\t<\/div>\n<\/section>\n\n<!-- Rich text -->\n<section id=\"\" class=\"pb-10 rich-text\">\n    <div class=\"grid grid-cols-14\">\n        <div data-wysiwyg class=\"relative pt-[13px] col-span-12 col-start-2 lg:col-start-4 lg:col-span-8\">\n            <div class=\"absolute top-0 left-0 w-[358px] bg-[#E9E9E9] h-[1px]\"><\/div>\n            <div class=\"absolute top-[-2px] left-0 w-[25px] bg-orange h-[3px]\"><\/div>\n            <div>\n                <h2><span class=\"heading-4\">CAREER OPPORTUNITIES FOR STUDENTS AND NEW GRADUATES<\/span><\/h2>\n<p>ECAM LaSalle stays with students until they find their first post-graduate job. Job offers and graduate programs for sudents and new graduates can be published on the <strong><a href=\"https:\/\/ecam-lasalle.jobteaser.com\/fr\/recruiter_account\/sign_in?reloadCookieBanner=true\">Jobteaser <\/a><\/strong>platform<\/p>\n<p>&nbsp;<\/p>\n<p style=\"text-align: center;\"><a href=\"https:\/\/ecam-lasalle.jobteaser.com\/fr\/recruiter_account\/sign_in?reloadCookieBanner=true\" target=\"_blank\" rel=\"noopener\"><span class=\"button-violet small\">Submit career opportunities for new graduates<\/span><\/a><\/p>\n<p>&nbsp;<\/p>\n<h2><span class=\"heading-4\">SENIOR POSITIONS<\/span><\/h2>\n<p>Companies can send their employment opportunities for senior positons to :<strong>\u00a0<a href=\"mailto:relations-entreprises@ecam.fr\">relations-entreprises@ecam.fr<\/a><\/strong><\/p>\n<p>Offers will be sent to the ECAM graduate network.<\/p>\n<p style=\"text-align: center;\"><a href=\"Mailto:relations-entreprises@ecam.fr\"><span class=\"button-violet small\">SUBMIT CAREER OPPORTUNITIES FOR SENIOR POSITIONS<\/span><\/a><\/p>\n<p>&nbsp;<\/p>\n            <\/div>\n        <\/div>\n    <\/div>\n<\/section>\n\n<!-- Cross content -->\n<section id=\"\" data-cross-content class=\"pt-[120px]\">\n    <div class=\"grid gap-5 grid-cols-14\">\n        <div class=\"col-span-12 col-start-2\">\n                            <div class=\"relative w-[331px] mb-[13px] border-b border-[#E9E9E9]\">\n                    <div class=\"h-[3px] bg-orange w-[26px]\"><\/div>\n                <\/div>\n                <div class=\"font-primary text-[20px] lg:text-[24px] tracking-[1.92px] pb-[35px] uppercase text-bleu-fonce\">\n                    Learn more                <\/div>\n                                        <div class=\"pb-[73px] gap-[18px] flex flex-wrap lg:flex-nowrap\">\n                                            <div class=\"w-full lg:w-1\/3\">\n                            <div class=\"rounded-[10px] relative overflow-hidden\">\n                                                                    <a class=\"absolute top-0 left-0 z-30 w-full h-full\" href=\"https:\/\/ecam.staging-env.fr\/en\/tech360-ecam-incubator\/\" target=\"_self\"><\/a>\n                                                                <img decoding=\"async\" width=\"2560\" height=\"1707\" src=\"https:\/\/ecam.staging-env.fr\/wp-content\/uploads\/2023\/07\/alumni-ECAM-1-scaled.jpg\" class=\"relative group-odd:h-[295px] group-even:h-[360px] absolute top-0 left-0 w-full h-full object-cover object-center z-0\" alt=\"\" srcset=\"https:\/\/ecam.staging-env.fr\/wp-content\/uploads\/2023\/07\/alumni-ECAM-1-scaled.jpg 2560w, https:\/\/ecam.staging-env.fr\/wp-content\/uploads\/2023\/07\/alumni-ECAM-1-300x200.jpg 300w, https:\/\/ecam.staging-env.fr\/wp-content\/uploads\/2023\/07\/alumni-ECAM-1-1024x683.jpg 1024w, https:\/\/ecam.staging-env.fr\/wp-content\/uploads\/2023\/07\/alumni-ECAM-1-768x512.jpg 768w, https:\/\/ecam.staging-env.fr\/wp-content\/uploads\/2023\/07\/alumni-ECAM-1-1536x1024.jpg 1536w, https:\/\/ecam.staging-env.fr\/wp-content\/uploads\/2023\/07\/alumni-ECAM-1-2048x1366.jpg 2048w\" sizes=\"(max-width: 2560px) 100vw, 2560px\" \/>                                <div class=\"absolute top-0 left-0 z-10 w-full h-full bg-black bg-opacity-70\"><\/div>\n                                                                    <div class=\"absolute z-20 transform -translate-x-1\/2 -translate-y-1\/2 top-1\/2 left-1\/2\">\n                                        <div class=\"text-center text-white heading-4\">\n                                            ECAM Incubator TECH360                                        <\/div>\n                                        <div class=\"w-[26px] mx-auto h-[4px] bg-orange mt-[51px]\"><\/div>\n                                    <\/div>\n                                                            <\/div>\n                        <\/div>\n                                            <div class=\"w-full lg:w-1\/3\">\n                            <div class=\"rounded-[10px] relative overflow-hidden\">\n                                                                    <a class=\"absolute top-0 left-0 z-30 w-full h-full\" href=\"https:\/\/ecam.staging-env.fr\/en\/engineering-school\/\" target=\"_self\"><\/a>\n                                                                <img decoding=\"async\" width=\"2560\" height=\"1707\" src=\"https:\/\/ecam.staging-env.fr\/wp-content\/uploads\/2023\/07\/Hall-ECAM-LaSalle-scaled.jpg\" class=\"relative group-odd:h-[295px] group-even:h-[360px] absolute top-0 left-0 w-full h-full object-cover object-center z-0\" alt=\"\" srcset=\"https:\/\/ecam.staging-env.fr\/wp-content\/uploads\/2023\/07\/Hall-ECAM-LaSalle-scaled.jpg 2560w, https:\/\/ecam.staging-env.fr\/wp-content\/uploads\/2023\/07\/Hall-ECAM-LaSalle-300x200.jpg 300w, https:\/\/ecam.staging-env.fr\/wp-content\/uploads\/2023\/07\/Hall-ECAM-LaSalle-1024x683.jpg 1024w, https:\/\/ecam.staging-env.fr\/wp-content\/uploads\/2023\/07\/Hall-ECAM-LaSalle-768x512.jpg 768w, https:\/\/ecam.staging-env.fr\/wp-content\/uploads\/2023\/07\/Hall-ECAM-LaSalle-1536x1024.jpg 1536w, https:\/\/ecam.staging-env.fr\/wp-content\/uploads\/2023\/07\/Hall-ECAM-LaSalle-2048x1366.jpg 2048w\" sizes=\"(max-width: 2560px) 100vw, 2560px\" \/>                                <div class=\"absolute top-0 left-0 z-10 w-full h-full bg-black bg-opacity-70\"><\/div>\n                                                                    <div class=\"absolute z-20 transform -translate-x-1\/2 -translate-y-1\/2 top-1\/2 left-1\/2\">\n                                        <div class=\"text-center text-white heading-4\">\n                                            Our school                                        <\/div>\n                                        <div class=\"w-[26px] mx-auto h-[4px] bg-orange mt-[51px]\"><\/div>\n                                    <\/div>\n                                                            <\/div>\n                        <\/div>\n                                            <div class=\"w-full lg:w-1\/3\">\n                            <div class=\"rounded-[10px] relative overflow-hidden\">\n                                                                    <a class=\"absolute top-0 left-0 z-30 w-full h-full\" href=\"https:\/\/ecam.staging-env.fr\/en\/missions-values\/\" target=\"_self\"><\/a>\n                                                                <img decoding=\"async\" width=\"2560\" height=\"1707\" src=\"https:\/\/ecam.staging-env.fr\/wp-content\/uploads\/2023\/07\/valeurs-ECAM-LaSalle-1-scaled.jpg\" class=\"relative group-odd:h-[295px] group-even:h-[360px] absolute top-0 left-0 w-full h-full object-cover object-center z-0\" alt=\"\" srcset=\"https:\/\/ecam.staging-env.fr\/wp-content\/uploads\/2023\/07\/valeurs-ECAM-LaSalle-1-scaled.jpg 2560w, https:\/\/ecam.staging-env.fr\/wp-content\/uploads\/2023\/07\/valeurs-ECAM-LaSalle-1-300x200.jpg 300w, https:\/\/ecam.staging-env.fr\/wp-content\/uploads\/2023\/07\/valeurs-ECAM-LaSalle-1-1024x683.jpg 1024w, https:\/\/ecam.staging-env.fr\/wp-content\/uploads\/2023\/07\/valeurs-ECAM-LaSalle-1-768x512.jpg 768w, https:\/\/ecam.staging-env.fr\/wp-content\/uploads\/2023\/07\/valeurs-ECAM-LaSalle-1-1536x1024.jpg 1536w, https:\/\/ecam.staging-env.fr\/wp-content\/uploads\/2023\/07\/valeurs-ECAM-LaSalle-1-2048x1366.jpg 2048w\" sizes=\"(max-width: 2560px) 100vw, 2560px\" \/>                                <div class=\"absolute top-0 left-0 z-10 w-full h-full bg-black bg-opacity-70\"><\/div>\n                                                                    <div class=\"absolute z-20 transform -translate-x-1\/2 -translate-y-1\/2 top-1\/2 left-1\/2\">\n                                        <div class=\"text-center text-white heading-4\">\n                                            Missions and values                                        <\/div>\n                                        <div class=\"w-[26px] mx-auto h-[4px] bg-orange mt-[51px]\"><\/div>\n                                    <\/div>\n                                                            <\/div>\n                        <\/div>\n                                    <\/div>\n                    <\/div>\n    <\/div>\n<\/section>","protected":false},"excerpt":{"rendered":"","protected":false},"author":3,"featured_media":0,"parent":0,"menu_order":0,"comment_status":"closed","ping_status":"closed","template":"","meta":{"_acf_changed":false,"footnotes":""},"class_list":["post-12144","page","type-page","status-publish","hentry"],"acf":[],"yoast_head":"<!-- This site is optimized with the Yoast SEO plugin v27.3 - https:\/\/yoast.com\/product\/yoast-seo-wordpress\/ -->\n<title>Recrutement d\u2019un ing\u00e9nieur ECAM<\/title>\n<meta name=\"description\" content=\"Jeunes ou exp\u00e9riment\u00e9s, les ing\u00e9nieurs ECAM sont des profils recherch\u00e9s par les entreprises.\" \/>\n<meta name=\"robots\" content=\"index, follow, max-snippet:-1, max-image-preview:large, max-video-preview:-1\" \/>\n<link rel=\"canonical\" href=\"https:\/\/ecam.staging-env.fr\/en\/career-opportunities\/\" \/>\n<meta property=\"og:locale\" content=\"en_US\" \/>\n<meta property=\"og:type\" content=\"article\" \/>\n<meta property=\"og:title\" content=\"Recrutement d\u2019un ing\u00e9nieur ECAM\" \/>\n<meta property=\"og:description\" content=\"Jeunes ou exp\u00e9riment\u00e9s, les ing\u00e9nieurs ECAM sont des profils recherch\u00e9s par les entreprises.\" \/>\n<meta property=\"og:url\" content=\"https:\/\/ecam.staging-env.fr\/en\/career-opportunities\/\" \/>\n<meta property=\"og:site_name\" content=\"Ecam\" \/>\n<meta property=\"article:modified_time\" content=\"2023-09-01T12:20:38+00:00\" \/>\n<meta name=\"twitter:card\" content=\"summary_large_image\" \/>\n<script type=\"application\/ld+json\" class=\"yoast-schema-graph\">{\"@context\":\"https:\\\/\\\/schema.org\",\"@graph\":[{\"@type\":\"WebPage\",\"@id\":\"https:\\\/\\\/ecam.staging-env.fr\\\/en\\\/career-opportunities\\\/\",\"url\":\"https:\\\/\\\/ecam.staging-env.fr\\\/en\\\/career-opportunities\\\/\",\"name\":\"Recrutement d\u2019un ing\u00e9nieur ECAM\",\"isPartOf\":{\"@id\":\"https:\\\/\\\/ecam.staging-env.fr\\\/en\\\/#website\"},\"datePublished\":\"2023-07-10T14:10:10+00:00\",\"dateModified\":\"2023-09-01T12:20:38+00:00\",\"description\":\"Jeunes ou exp\u00e9riment\u00e9s, les ing\u00e9nieurs ECAM sont des profils recherch\u00e9s par les entreprises.\",\"breadcrumb\":{\"@id\":\"https:\\\/\\\/ecam.staging-env.fr\\\/en\\\/career-opportunities\\\/#breadcrumb\"},\"inLanguage\":\"en-US\",\"potentialAction\":[{\"@type\":\"ReadAction\",\"target\":[\"https:\\\/\\\/ecam.staging-env.fr\\\/en\\\/career-opportunities\\\/\"]}]},{\"@type\":\"BreadcrumbList\",\"@id\":\"https:\\\/\\\/ecam.staging-env.fr\\\/en\\\/career-opportunities\\\/#breadcrumb\",\"itemListElement\":[{\"@type\":\"ListItem\",\"position\":1,\"name\":\"Home\",\"item\":\"https:\\\/\\\/ecam.staging-env.fr\\\/en\\\/\"},{\"@type\":\"ListItem\",\"position\":2,\"name\":\"Career opportunities\"}]},{\"@type\":\"WebSite\",\"@id\":\"https:\\\/\\\/ecam.staging-env.fr\\\/en\\\/#website\",\"url\":\"https:\\\/\\\/ecam.staging-env.fr\\\/en\\\/\",\"name\":\"Ecam\",\"description\":\"\",\"publisher\":{\"@id\":\"https:\\\/\\\/ecam.staging-env.fr\\\/en\\\/#organization\"},\"potentialAction\":[{\"@type\":\"SearchAction\",\"target\":{\"@type\":\"EntryPoint\",\"urlTemplate\":\"https:\\\/\\\/ecam.staging-env.fr\\\/en\\\/?s={search_term_string}\"},\"query-input\":{\"@type\":\"PropertyValueSpecification\",\"valueRequired\":true,\"valueName\":\"search_term_string\"}}],\"inLanguage\":\"en-US\"},{\"@type\":\"Organization\",\"@id\":\"https:\\\/\\\/ecam.staging-env.fr\\\/en\\\/#organization\",\"name\":\"Ecam\",\"url\":\"https:\\\/\\\/ecam.staging-env.fr\\\/en\\\/\",\"logo\":{\"@type\":\"ImageObject\",\"inLanguage\":\"en-US\",\"@id\":\"https:\\\/\\\/ecam.staging-env.fr\\\/en\\\/#\\\/schema\\\/logo\\\/image\\\/\",\"url\":\"https:\\\/\\\/ecam.staging-env.fr\\\/wp-content\\\/uploads\\\/2023\\\/06\\\/cropped-cropped-logo-desktop.png\",\"contentUrl\":\"https:\\\/\\\/ecam.staging-env.fr\\\/wp-content\\\/uploads\\\/2023\\\/06\\\/cropped-cropped-logo-desktop.png\",\"width\":164,\"height\":164,\"caption\":\"Ecam\"},\"image\":{\"@id\":\"https:\\\/\\\/ecam.staging-env.fr\\\/en\\\/#\\\/schema\\\/logo\\\/image\\\/\"}}]}<\/script>\n<!-- \/ Yoast SEO plugin. -->","yoast_head_json":{"title":"Recrutement d\u2019un ing\u00e9nieur ECAM","description":"Jeunes ou exp\u00e9riment\u00e9s, les ing\u00e9nieurs ECAM sont des profils recherch\u00e9s par les entreprises.","robots":{"index":"index","follow":"follow","max-snippet":"max-snippet:-1","max-image-preview":"max-image-preview:large","max-video-preview":"max-video-preview:-1"},"canonical":"https:\/\/ecam.staging-env.fr\/en\/career-opportunities\/","og_locale":"en_US","og_type":"article","og_title":"Recrutement d\u2019un ing\u00e9nieur ECAM","og_description":"Jeunes ou exp\u00e9riment\u00e9s, les ing\u00e9nieurs ECAM sont des profils recherch\u00e9s par les entreprises.","og_url":"https:\/\/ecam.staging-env.fr\/en\/career-opportunities\/","og_site_name":"Ecam","article_modified_time":"2023-09-01T12:20:38+00:00","twitter_card":"summary_large_image","schema":{"@context":"https:\/\/schema.org","@graph":[{"@type":"WebPage","@id":"https:\/\/ecam.staging-env.fr\/en\/career-opportunities\/","url":"https:\/\/ecam.staging-env.fr\/en\/career-opportunities\/","name":"Recrutement d\u2019un ing\u00e9nieur ECAM","isPartOf":{"@id":"https:\/\/ecam.staging-env.fr\/en\/#website"},"datePublished":"2023-07-10T14:10:10+00:00","dateModified":"2023-09-01T12:20:38+00:00","description":"Jeunes ou exp\u00e9riment\u00e9s, les ing\u00e9nieurs ECAM sont des profils recherch\u00e9s par les entreprises.","breadcrumb":{"@id":"https:\/\/ecam.staging-env.fr\/en\/career-opportunities\/#breadcrumb"},"inLanguage":"en-US","potentialAction":[{"@type":"ReadAction","target":["https:\/\/ecam.staging-env.fr\/en\/career-opportunities\/"]}]},{"@type":"BreadcrumbList","@id":"https:\/\/ecam.staging-env.fr\/en\/career-opportunities\/#breadcrumb","itemListElement":[{"@type":"ListItem","position":1,"name":"Home","item":"https:\/\/ecam.staging-env.fr\/en\/"},{"@type":"ListItem","position":2,"name":"Career opportunities"}]},{"@type":"WebSite","@id":"https:\/\/ecam.staging-env.fr\/en\/#website","url":"https:\/\/ecam.staging-env.fr\/en\/","name":"Ecam","description":"","publisher":{"@id":"https:\/\/ecam.staging-env.fr\/en\/#organization"},"potentialAction":[{"@type":"SearchAction","target":{"@type":"EntryPoint","urlTemplate":"https:\/\/ecam.staging-env.fr\/en\/?s={search_term_string}"},"query-input":{"@type":"PropertyValueSpecification","valueRequired":true,"valueName":"search_term_string"}}],"inLanguage":"en-US"},{"@type":"Organization","@id":"https:\/\/ecam.staging-env.fr\/en\/#organization","name":"Ecam","url":"https:\/\/ecam.staging-env.fr\/en\/","logo":{"@type":"ImageObject","inLanguage":"en-US","@id":"https:\/\/ecam.staging-env.fr\/en\/#\/schema\/logo\/image\/","url":"https:\/\/ecam.staging-env.fr\/wp-content\/uploads\/2023\/06\/cropped-cropped-logo-desktop.png","contentUrl":"https:\/\/ecam.staging-env.fr\/wp-content\/uploads\/2023\/06\/cropped-cropped-logo-desktop.png","width":164,"height":164,"caption":"Ecam"},"image":{"@id":"https:\/\/ecam.staging-env.fr\/en\/#\/schema\/logo\/image\/"}}]}},"_links":{"self":[{"href":"https:\/\/ecam.staging-env.fr\/en\/wp-json\/wp\/v2\/pages\/12144","targetHints":{"allow":["GET"]}}],"collection":[{"href":"https:\/\/ecam.staging-env.fr\/en\/wp-json\/wp\/v2\/pages"}],"about":[{"href":"https:\/\/ecam.staging-env.fr\/en\/wp-json\/wp\/v2\/types\/page"}],"author":[{"embeddable":true,"href":"https:\/\/ecam.staging-env.fr\/en\/wp-json\/wp\/v2\/users\/3"}],"replies":[{"embeddable":true,"href":"https:\/\/ecam.staging-env.fr\/en\/wp-json\/wp\/v2\/comments?post=12144"}],"version-history":[{"count":3,"href":"https:\/\/ecam.staging-env.fr\/en\/wp-json\/wp\/v2\/pages\/12144\/revisions"}],"predecessor-version":[{"id":16071,"href":"https:\/\/ecam.staging-env.fr\/en\/wp-json\/wp\/v2\/pages\/12144\/revisions\/16071"}],"wp:attachment":[{"href":"https:\/\/ecam.staging-env.fr\/en\/wp-json\/wp\/v2\/media?parent=12144"}],"curies":[{"name":"wp","href":"https:\/\/api.w.org\/{rel}","templated":true}]}}